{"id":4375,"date":"2022-05-16T16:12:16","date_gmt":"2022-05-16T14:12:16","guid":{"rendered":"https:\/\/dev.enaw-v2.bertastrasse1.ch\/aktuell\/"},"modified":"2022-05-16T16:12:16","modified_gmt":"2022-05-16T14:12:16","slug":"aktuell","status":"publish","type":"page","link":"https:\/\/dev.enaw-v2.bertastrasse1.ch\/fr\/aktuell\/","title":{"rendered":"Aktuell"},"content":{"rendered":"\n            <section class=\"aktuell-block\">\n            \n<div class=\"posts-filter-block visibleInBackend\">\n    <div class=\"container-main\">\n        <div class=\"show-filters-btn\">\n            <p class=\"secondary-btn filter-icon show-filters-btn-text margin-bottom-0\"><strong>Filter <span><\/span><\/strong><\/p>\n        <\/div>\n\n        <div class=\"filters-block-wrapper \" style=\"display: none\">\n            <div class=\"filters-block\">\n\n                \n                \n                \n                \n                <div class=\"filter-line\"><\/div>\n\n                <div class=\"filter-block-buttons\">\n                    <a href=\"#\" class=\"secondary-btn ok-icon\" id=\"apply_filters\">Anwenden<\/a>\n\n                    <a href=\"#\" class=\"main-btn reset-icon\" id=\"clear_filters\">Zur\u00fccksetzen<\/a>\n\n                    <a href=\"#\" class=\"main-btn close-icon\" id=\"close_filters\"> <\/a>\n                <\/div>\n            <\/div>\n        <\/div>\n    <\/div>\n<\/div>\n\n<script>\n    var controller = new ScrollMagic.Controller();\n\n    new ScrollMagic.Scene({\n        triggerElement: \".posts-filter-block\",\n        triggerHook: 0.8,\n        offset: 0\n    })\n        .setClassToggle(\".posts-filter-block\", \"visibleBlock\")\n        .addTo(controller);\n<\/script>\n\n            <div class=\"container-main\">\n                <div class=\"posts-cards-cols desk\">\n                    <div class=\"posts-cards-col-l\">\n                                                                                                                                                                                      <a href=\"https:\/\/dev.enaw-v2.bertastrasse1.ch\/fr\/swiss-krono-ag\/\" class=\"post-card post-card-desk-5159 visibleInBackend\" id=\"5159\">\n            \n                    <div class=\"post-photo\" style=\"background-image: url(https:\/\/dev.enaw-v2.bertastrasse1.ch\/wp-content\/uploads\/Aktuell\/Bildschirmfoto-2022-08-24-um-15.23.47-600x338.png);\">\n                <img src=\"https:\/\/dev.enaw-v2.bertastrasse1.ch\/wp-content\/themes\/enaw_v2\/assets\/images\/post_card_sidebar.png\" alt=\"SWISS KRONO AG\" \/>\n            <\/div>\n            \n    <div class=\"post-info\">\n        <div class=\"post-tags\">\n                                    \n\n\n        <\/div>\n\n        <p class=\"post-date\">01.09.2022<\/p>\n\n        <h3>SWISS KRONO AG<\/h3>\n\n                    <p class=\"post-desc margin-bottom-0\">\n                Holz geh\u00f6rt zu den \u00e4ltesten Baustoffen der Menschheit. Schmuck, Werkzeuge, Fortbewegungsmittel und sogar H\u00e4user von erstaunlicher Robustheit wurden seit jeher\u2026            <\/p>\n        \n        <div class=\"btn-block\">\n            <div class=\"main-btn\">Mehr lesen<\/div>\n        <\/div>\n    <\/div>\n<\/a>\n\n<script>\n    var controller = new ScrollMagic.Controller();\n\n    new ScrollMagic.Scene({\n        triggerElement: \".post-card.post-card-desk-5159\",\n        triggerHook: 0.85,\n        offset: 0\n    })\n        .setClassToggle(\".post-card.post-card-desk-5159\", \"visibleBlock\")\n        .addTo(controller);\n<\/script>                                                                        <\/div>\n\n                    <div class=\"posts-cards-col-r\">\n                                                                                                <\/div>\n                <\/div>\n\n                <div class=\"posts-cards-cols mob\">\n                                                                                                                                                            <a href=\"https:\/\/dev.enaw-v2.bertastrasse1.ch\/fr\/swiss-krono-ag\/\" class=\"post-card post-card-mob-5159 visibleInBackend\" id=\"5159\">\n            \n                    <div class=\"post-photo\" style=\"background-image: url(https:\/\/dev.enaw-v2.bertastrasse1.ch\/wp-content\/uploads\/Aktuell\/Bildschirmfoto-2022-08-24-um-15.23.47-600x338.png);\">\n                <img src=\"https:\/\/dev.enaw-v2.bertastrasse1.ch\/wp-content\/themes\/enaw_v2\/assets\/images\/post_card_sidebar.png\" alt=\"SWISS KRONO AG\" \/>\n            <\/div>\n            \n    <div class=\"post-info\">\n        <div class=\"post-tags\">\n                                    \n\n\n        <\/div>\n\n        <p class=\"post-date\">01.09.2022<\/p>\n\n        <h3>SWISS KRONO AG<\/h3>\n\n                    <p class=\"post-desc margin-bottom-0\">\n                Holz geh\u00f6rt zu den \u00e4ltesten Baustoffen der Menschheit. Schmuck, Werkzeuge, Fortbewegungsmittel und sogar H\u00e4user von erstaunlicher Robustheit wurden seit jeher\u2026            <\/p>\n        \n        <div class=\"btn-block\">\n            <div class=\"main-btn\">Mehr lesen<\/div>\n        <\/div>\n    <\/div>\n<\/a>\n\n<script>\n    var controller = new ScrollMagic.Controller();\n\n    new ScrollMagic.Scene({\n        triggerElement: \".post-card.post-card-mob-5159\",\n        triggerHook: 0.85,\n        offset: 0\n    })\n        .setClassToggle(\".post-card.post-card-mob-5159\", \"visibleBlock\")\n        .addTo(controller);\n<\/script>                                                            <\/div>\n\n                <div class=\"btn-block-general\" style=\"display: none;\">\n                    <a href=\"#\" class=\"main-btn load-more-posts\">Mehr laden<\/a>\n                <\/div>\n            <\/div>\n\n            <div class=\"posts-loader-container-bg\"><\/div>\n        <\/section>\n    \n\n\n\n    \n\n\n\n\n","protected":false},"excerpt":{"rendered":"","protected":false},"author":1,"featured_media":59,"parent":0,"menu_order":9,"comment_status":"closed","ping_status":"closed","template":"page-templates\/page-aktuell.php","meta":{"inline_featured_image":false},"acf":[],"yoast_head":"<!-- This site is optimized with the Yoast SEO plugin v18.9 - https:\/\/yoast.com\/wordpress\/plugins\/seo\/ -->\n<title>Aktuell - Energie-Agentur der Wirtschaft<\/title>\n<meta name=\"robots\" content=\"noindex, follow, max-snippet:-1, max-image-preview:large, max-video-preview:-1\" \/>\n<meta property=\"og:locale\" content=\"fr_FR\" \/>\n<meta property=\"og:type\" content=\"article\" \/>\n<meta property=\"og:title\" content=\"Aktuell - Energie-Agentur der Wirtschaft\" \/>\n<meta property=\"og:url\" content=\"https:\/\/dev.enaw-v2.bertastrasse1.ch\/fr\/aktuell\/\" \/>\n<meta property=\"og:site_name\" content=\"Energie-Agentur der Wirtschaft\" \/>\n<meta property=\"og:image\" content=\"https:\/\/dev.enaw-v2.bertastrasse1.ch\/wp-content\/uploads\/Aktuell\/GettyImages-88624213-56c48e0b3df78c0b139c668e-300x200.webp\" \/>\n\t<meta property=\"og:image:type\" content=\"image\/png\" \/>\n<meta name=\"twitter:card\" content=\"summary_large_image\" \/>\n<script type=\"application\/ld+json\" class=\"yoast-schema-graph\">{\"@context\":\"https:\/\/schema.org\",\"@graph\":[{\"@type\":\"WebSite\",\"@id\":\"https:\/\/dev.enaw-v2.bertastrasse1.ch\/#website\",\"url\":\"https:\/\/dev.enaw-v2.bertastrasse1.ch\/\",\"name\":\"Energie-Agentur der Wirtschaft\",\"description\":\"Eine weitere WordPress-Website\",\"potentialAction\":[{\"@type\":\"SearchAction\",\"target\":{\"@type\":\"EntryPoint\",\"urlTemplate\":\"https:\/\/dev.enaw-v2.bertastrasse1.ch\/?s={search_term_string}\"},\"query-input\":\"required name=search_term_string\"}],\"inLanguage\":\"fr-FR\"},{\"@type\":\"ImageObject\",\"inLanguage\":\"fr-FR\",\"@id\":\"https:\/\/dev.enaw-v2.bertastrasse1.ch\/fr\/aktuell\/#primaryimage\",\"url\":\"https:\/\/dev.enaw-v2.bertastrasse1.ch\/wp-content\/uploads\/Aktuell\/GettyImages-88624213-56c48e0b3df78c0b139c668e.webp\",\"contentUrl\":\"https:\/\/dev.enaw-v2.bertastrasse1.ch\/wp-content\/uploads\/Aktuell\/GettyImages-88624213-56c48e0b3df78c0b139c668e.webp\",\"width\":768,\"height\":512},{\"@type\":\"WebPage\",\"@id\":\"https:\/\/dev.enaw-v2.bertastrasse1.ch\/fr\/aktuell\/#webpage\",\"url\":\"https:\/\/dev.enaw-v2.bertastrasse1.ch\/fr\/aktuell\/\",\"name\":\"Aktuell - Energie-Agentur der Wirtschaft\",\"isPartOf\":{\"@id\":\"https:\/\/dev.enaw-v2.bertastrasse1.ch\/#website\"},\"primaryImageOfPage\":{\"@id\":\"https:\/\/dev.enaw-v2.bertastrasse1.ch\/fr\/aktuell\/#primaryimage\"},\"datePublished\":\"2022-05-16T14:12:16+00:00\",\"dateModified\":\"2022-05-16T14:12:16+00:00\",\"breadcrumb\":{\"@id\":\"https:\/\/dev.enaw-v2.bertastrasse1.ch\/fr\/aktuell\/#breadcrumb\"},\"inLanguage\":\"fr-FR\",\"potentialAction\":[{\"@type\":\"ReadAction\",\"target\":[\"https:\/\/dev.enaw-v2.bertastrasse1.ch\/fr\/aktuell\/\"]}]},{\"@type\":\"BreadcrumbList\",\"@id\":\"https:\/\/dev.enaw-v2.bertastrasse1.ch\/fr\/aktuell\/#breadcrumb\",\"itemListElement\":[{\"@type\":\"ListItem\",\"position\":1,\"name\":\"Home\",\"item\":\"https:\/\/dev.enaw-v2.bertastrasse1.ch\/fr\/\"},{\"@type\":\"ListItem\",\"position\":2,\"name\":\"Aktuell\"}]}]}<\/script>\n<!-- \/ Yoast SEO plugin. -->","yoast_head_json":{"title":"Aktuell - Energie-Agentur der Wirtschaft","robots":{"index":"noindex","follow":"follow","max-snippet":"max-snippet:-1","max-image-preview":"max-image-preview:large","max-video-preview":"max-video-preview:-1"},"og_locale":"fr_FR","og_type":"article","og_title":"Aktuell - Energie-Agentur der Wirtschaft","og_url":"https:\/\/dev.enaw-v2.bertastrasse1.ch\/fr\/aktuell\/","og_site_name":"Energie-Agentur der Wirtschaft","og_image":[{"url":"https:\/\/dev.enaw-v2.bertastrasse1.ch\/wp-content\/uploads\/Aktuell\/GettyImages-88624213-56c48e0b3df78c0b139c668e-300x200.webp","type":"image\/png"}],"twitter_card":"summary_large_image","schema":{"@context":"https:\/\/schema.org","@graph":[{"@type":"WebSite","@id":"https:\/\/dev.enaw-v2.bertastrasse1.ch\/#website","url":"https:\/\/dev.enaw-v2.bertastrasse1.ch\/","name":"Energie-Agentur der Wirtschaft","description":"Eine weitere WordPress-Website","potentialAction":[{"@type":"SearchAction","target":{"@type":"EntryPoint","urlTemplate":"https:\/\/dev.enaw-v2.bertastrasse1.ch\/?s={search_term_string}"},"query-input":"required name=search_term_string"}],"inLanguage":"fr-FR"},{"@type":"ImageObject","inLanguage":"fr-FR","@id":"https:\/\/dev.enaw-v2.bertastrasse1.ch\/fr\/aktuell\/#primaryimage","url":"https:\/\/dev.enaw-v2.bertastrasse1.ch\/wp-content\/uploads\/Aktuell\/GettyImages-88624213-56c48e0b3df78c0b139c668e.webp","contentUrl":"https:\/\/dev.enaw-v2.bertastrasse1.ch\/wp-content\/uploads\/Aktuell\/GettyImages-88624213-56c48e0b3df78c0b139c668e.webp","width":768,"height":512},{"@type":"WebPage","@id":"https:\/\/dev.enaw-v2.bertastrasse1.ch\/fr\/aktuell\/#webpage","url":"https:\/\/dev.enaw-v2.bertastrasse1.ch\/fr\/aktuell\/","name":"Aktuell - Energie-Agentur der Wirtschaft","isPartOf":{"@id":"https:\/\/dev.enaw-v2.bertastrasse1.ch\/#website"},"primaryImageOfPage":{"@id":"https:\/\/dev.enaw-v2.bertastrasse1.ch\/fr\/aktuell\/#primaryimage"},"datePublished":"2022-05-16T14:12:16+00:00","dateModified":"2022-05-16T14:12:16+00:00","breadcrumb":{"@id":"https:\/\/dev.enaw-v2.bertastrasse1.ch\/fr\/aktuell\/#breadcrumb"},"inLanguage":"fr-FR","potentialAction":[{"@type":"ReadAction","target":["https:\/\/dev.enaw-v2.bertastrasse1.ch\/fr\/aktuell\/"]}]},{"@type":"BreadcrumbList","@id":"https:\/\/dev.enaw-v2.bertastrasse1.ch\/fr\/aktuell\/#breadcrumb","itemListElement":[{"@type":"ListItem","position":1,"name":"Home","item":"https:\/\/dev.enaw-v2.bertastrasse1.ch\/fr\/"},{"@type":"ListItem","position":2,"name":"Aktuell"}]}]}},"_links":{"self":[{"href":"https:\/\/dev.enaw-v2.bertastrasse1.ch\/fr\/wp-json\/wp\/v2\/pages\/4375"}],"collection":[{"href":"https:\/\/dev.enaw-v2.bertastrasse1.ch\/fr\/wp-json\/wp\/v2\/pages"}],"about":[{"href":"https:\/\/dev.enaw-v2.bertastrasse1.ch\/fr\/wp-json\/wp\/v2\/types\/page"}],"author":[{"embeddable":true,"href":"https:\/\/dev.enaw-v2.bertastrasse1.ch\/fr\/wp-json\/wp\/v2\/users\/1"}],"replies":[{"embeddable":true,"href":"https:\/\/dev.enaw-v2.bertastrasse1.ch\/fr\/wp-json\/wp\/v2\/comments?post=4375"}],"version-history":[{"count":0,"href":"https:\/\/dev.enaw-v2.bertastrasse1.ch\/fr\/wp-json\/wp\/v2\/pages\/4375\/revisions"}],"wp:featuredmedia":[{"embeddable":true,"href":"https:\/\/dev.enaw-v2.bertastrasse1.ch\/fr\/wp-json\/wp\/v2\/media\/59"}],"wp:attachment":[{"href":"https:\/\/dev.enaw-v2.bertastrasse1.ch\/fr\/wp-json\/wp\/v2\/media?parent=4375"}],"curies":[{"name":"wp","href":"https:\/\/api.w.org\/{rel}","templated":true}]}}